{"id":1002,"date":"2017-04-23T07:06:41","date_gmt":"2017-04-23T05:06:41","guid":{"rendered":"http:\/\/uisce-beatha.de\/www1\/?page_id=1002"},"modified":"2020-05-07T23:17:49","modified_gmt":"2020-05-07T21:17:49","slug":"special-edition-2017","status":"publish","type":"page","link":"https:\/\/uisce-beatha.de\/www1\/special-edition-2017\/","title":{"rendered":"Special Edition 2017"},"content":{"rendered":"<p>Hier unsere Jubil\u00e4umsabf\u00fcllung &#8211; exklusiv nur f\u00fcr Club Mitglieder:<\/p>\n<p><img loading=\"lazy\" decoding=\"async\" class=\"alignnone wp-image-1242 size-large\" src=\"https:\/\/uisce-beatha.de\/www1\/wp-content\/uploads\/2020\/05\/ce2017s-743x1024.png\" alt=\"\" width=\"743\" height=\"1024\" srcset=\"https:\/\/uisce-beatha.de\/www1\/wp-content\/uploads\/2020\/05\/ce2017s-743x1024.png 743w, https:\/\/uisce-beatha.de\/www1\/wp-content\/uploads\/2020\/05\/ce2017s-435x600.png 435w, https:\/\/uisce-beatha.de\/www1\/wp-content\/uploads\/2020\/05\/ce2017s-768x1059.png 768w, https:\/\/uisce-beatha.de\/www1\/wp-content\/uploads\/2020\/05\/ce2017s.png 792w\" sizes=\"auto, (max-width: 743px) 100vw, 743px\" \/><\/p>\n<p><img loading=\"lazy\" decoding=\"async\" class=\"alignnone  wp-image-1035\" src=\"http:\/\/uisce-beatha.de\/www1\/wp-content\/uploads\/2017\/04\/Irish-Diamond-2005.jpg\" alt=\"\" width=\"690\" height=\"918\" \/><\/p>\n<p>Dieser irische Single Malt sieht nicht nur aus wie fl\u00fcssiger Sonnenschein, er schmeckt auch noch &#8230;<\/p>\n<p>gerade so, wie die letzten warmen Sonnenstrahlen vor dem Sonnenuntergang \ud83d\ude09<\/p>\n","protected":false},"excerpt":{"rendered":"<p>Hier unsere Jubil\u00e4umsabf\u00fcllung &#8211; exklusiv nur f\u00fcr Club Mitglieder: Dieser irische Single Malt sieht nicht nur aus wie fl\u00fcssiger Sonnenschein, er schmeckt auch noch &#8230; gerade so, wie die letzten warmen Sonnenstrahlen vor dem Sonnenuntergang \ud83d\ude09<\/p>\n <a class=\"more-link\" href=\"https:\/\/uisce-beatha.de\/www1\/special-edition-2017\/\"><span class=\"more-msg\">Continue reading &rarr;<\/span><\/a>","protected":false},"author":2,"featured_media":0,"parent":0,"menu_order":0,"comment_status":"closed","ping_status":"closed","template":"","meta":{"footnotes":""},"class_list":["post-1002","page","type-page","status-publish","hentry"],"_links":{"self":[{"href":"https:\/\/uisce-beatha.de\/www1\/wp-json\/wp\/v2\/pages\/1002","targetHints":{"allow":["GET"]}}],"collection":[{"href":"https:\/\/uisce-beatha.de\/www1\/wp-json\/wp\/v2\/pages"}],"about":[{"href":"https:\/\/uisce-beatha.de\/www1\/wp-json\/wp\/v2\/types\/page"}],"author":[{"embeddable":true,"href":"https:\/\/uisce-beatha.de\/www1\/wp-json\/wp\/v2\/users\/2"}],"replies":[{"embeddable":true,"href":"https:\/\/uisce-beatha.de\/www1\/wp-json\/wp\/v2\/comments?post=1002"}],"version-history":[{"count":6,"href":"https:\/\/uisce-beatha.de\/www1\/wp-json\/wp\/v2\/pages\/1002\/revisions"}],"predecessor-version":[{"id":1245,"href":"https:\/\/uisce-beatha.de\/www1\/wp-json\/wp\/v2\/pages\/1002\/revisions\/1245"}],"wp:attachment":[{"href":"https:\/\/uisce-beatha.de\/www1\/wp-json\/wp\/v2\/media?parent=1002"}],"curies":[{"name":"wp","href":"https:\/\/api.w.org\/{rel}","templated":true}]}}