{"id":1074,"date":"2018-03-12T23:43:05","date_gmt":"2018-03-12T22:43:05","guid":{"rendered":"http:\/\/uisce-beatha.de\/www1\/?page_id=1074"},"modified":"2019-04-28T10:27:08","modified_gmt":"2019-04-28T08:27:08","slug":"club-edition-2018","status":"publish","type":"page","link":"https:\/\/uisce-beatha.de\/www1\/uisce-beatha-club\/clubedition\/club-edition-2018\/","title":{"rendered":"Club Edition 2018"},"content":{"rendered":"<p>Here we go again:<\/p>\n<p>Dieses Jahr ist es ein Dream von einem Glenfiddich:<\/p>\n<p><img loading=\"lazy\" decoding=\"async\" class=\"alignnone size-full wp-image-1075\" src=\"http:\/\/uisce-beatha.de\/www1\/wp-content\/uploads\/2018\/03\/CE18-Wardhead-2.jpg\" alt=\"\" width=\"690\" height=\"952\" srcset=\"https:\/\/uisce-beatha.de\/www1\/wp-content\/uploads\/2018\/03\/CE18-Wardhead-2.jpg 690w, https:\/\/uisce-beatha.de\/www1\/wp-content\/uploads\/2018\/03\/CE18-Wardhead-2-435x600.jpg 435w, https:\/\/uisce-beatha.de\/www1\/wp-content\/uploads\/2018\/03\/CE18-Wardhead-2-624x861.jpg 624w\" sizes=\"auto, (max-width: 690px) 100vw, 690px\" \/><\/p>\n<p><em>Heimkommen&#8230;&#8230;&#8230;dieser Gedanke f\u00fcllte seine Gedanken seit Jahren aus. F\u00fcnf Sommer war er fort, fort von seiner Farm, seiner geliebten Frau&#8230;.seinen Kindern.<br \/>\nAlles nur eines sinnlosen Krieges wegen. Jetzt waren alle Schlachten geschlagen und die Toten verscharrt<br \/>\n.<br \/>\nHeimkommen&#8230;&#8230;.die letzten Meilen flog er nur so dahin, sein treues Pferd dem Zusammenbruch nahe. Am Horizont sch\u00e4lt sich die Silhouette seines Hauses aus der flirrenden Sommerluft, auf dem gro\u00dfen Acker arbeitet eine einsame Gestalt, h\u00e4lt inne und schaut zu ihm her\u00fcber.<\/em><\/p>\n<p><em>Ein L\u00e4cheln stiehlt sich um seine Lippen, eine einsame Tr\u00e4ne rinnt die zerfurchte Wange herab&#8230;&#8230;&#8230;&#8230;Heimgekommen.<\/em><\/p>\n<p>Farbe: Blasses Gold<\/p>\n<p>Nase: Warm wie ein lauer Sommerabend verstr\u00f6mt dieser Malt seine Aromen, sehr fein und weich steigen s\u00fc\u00dfe Honig und Toffeenoten auf, Vanilleschoten und ein paar Spritzer Limone. Etwas gr\u00fcner Pfeffer und frisches Holz geben ein wenig W\u00fcrze hinzu. Sp\u00e4ter dr\u00e4ngt sich frisch aufgeschnittene Honigmelone nach vorn, dazu etwas Wildkr\u00e4uter. Auch vernimmt man geriebene Orangenschalen.<\/p>\n<p>Mund: Cremig, ja fast \u00f6lig, kommt der Whisky auf die Zunge. Sofort meldet sich der Honig, s\u00fc\u00df mit einer Prise Kr\u00e4uter macht es sich der Malt im Mund bequem. Ganz Kurz meldet sich die Fa\u00dfst\u00e4rke mit pfeffriger Sch\u00e4rfe, aber nur ganz kurz. Vanille l\u00e4sst nicht auf sich warten und kommt zusammen mit trockenen Holznoten daher, die Eiche ist sehr pr\u00e4sent, aber \u00fcberhaupt nicht bitter, eher trocken, staubig&#8230;.etwas Politur und wie in der Nase wieder Orange. Diesmal als Kompott mit cremiger Vanilleso\u00dfe. Staub auf, in altes Leder eingebundenen, B\u00fcchern.. Trockene rote Beeren, ein wenig Rumrosinen&#8230;&#8230;ganz ganz weit hinten.<\/p>\n<p>Danach: Langer, w\u00e4rmender Abgang. Zur\u00fcck bleiben trockene Eiche, Gew\u00fcrze und etwas s\u00fc\u00dfes Karamell.<\/p>\n<p>Fazit: Ein komplexer, durchgereifter aber auch kraftvoller Malt. Sehr sch\u00f6nes Zusammenspiel von trockenen Eichennoten und der teilweise cremigen S\u00fc\u00dfe von Honig und Vanille. Diesen Whisky nach dem Essen und man braucht kein Dessert mehr. Bei Glenfiddich schlummern sehr sch\u00f6ne F\u00e4sser in den Warehouses.<\/p>\n<p>Zum Nachlesen: <a href=\"http:\/\/lovewhisky.de\/?p=668\">http:\/\/lovewhisky.de\/?p=668 (Vielen Dank)<\/a><\/p>\n<p><img loading=\"lazy\" decoding=\"async\" class=\"alignnone size-full wp-image-1089\" src=\"http:\/\/uisce-beatha.de\/www1\/wp-content\/uploads\/2018\/03\/Wardhead.jpg\" alt=\"\" width=\"531\" height=\"703\" srcset=\"https:\/\/uisce-beatha.de\/www1\/wp-content\/uploads\/2018\/03\/Wardhead.jpg 531w, https:\/\/uisce-beatha.de\/www1\/wp-content\/uploads\/2018\/03\/Wardhead-453x600.jpg 453w\" sizes=\"auto, (max-width: 531px) 100vw, 531px\" \/><\/p>\n","protected":false},"excerpt":{"rendered":"<p>Here we go again: Dieses Jahr ist es ein Dream von einem Glenfiddich: Heimkommen&#8230;&#8230;&#8230;dieser Gedanke f\u00fcllte seine Gedanken seit Jahren aus. F\u00fcnf Sommer war er fort, fort von seiner Farm, seiner geliebten Frau&#8230;.seinen Kindern. Alles nur eines sinnlosen Krieges wegen. <span class=\"excerpt-dots\">&hellip;<\/span> <a class=\"more-link\" href=\"https:\/\/uisce-beatha.de\/www1\/uisce-beatha-club\/clubedition\/club-edition-2018\/\"><span class=\"more-msg\">Continue reading &rarr;<\/span><\/a><\/p>\n","protected":false},"author":2,"featured_media":0,"parent":272,"menu_order":0,"comment_status":"closed","ping_status":"closed","template":"","meta":{"footnotes":""},"class_list":["post-1074","page","type-page","status-publish","hentry"],"_links":{"self":[{"href":"https:\/\/uisce-beatha.de\/www1\/wp-json\/wp\/v2\/pages\/1074","targetHints":{"allow":["GET"]}}],"collection":[{"href":"https:\/\/uisce-beatha.de\/www1\/wp-json\/wp\/v2\/pages"}],"about":[{"href":"https:\/\/uisce-beatha.de\/www1\/wp-json\/wp\/v2\/types\/page"}],"author":[{"embeddable":true,"href":"https:\/\/uisce-beatha.de\/www1\/wp-json\/wp\/v2\/users\/2"}],"replies":[{"embeddable":true,"href":"https:\/\/uisce-beatha.de\/www1\/wp-json\/wp\/v2\/comments?post=1074"}],"version-history":[{"count":3,"href":"https:\/\/uisce-beatha.de\/www1\/wp-json\/wp\/v2\/pages\/1074\/revisions"}],"predecessor-version":[{"id":1169,"href":"https:\/\/uisce-beatha.de\/www1\/wp-json\/wp\/v2\/pages\/1074\/revisions\/1169"}],"up":[{"embeddable":true,"href":"https:\/\/uisce-beatha.de\/www1\/wp-json\/wp\/v2\/pages\/272"}],"wp:attachment":[{"href":"https:\/\/uisce-beatha.de\/www1\/wp-json\/wp\/v2\/media?parent=1074"}],"curies":[{"name":"wp","href":"https:\/\/api.w.org\/{rel}","templated":true}]}}