{"id":1176,"date":"2019-04-28T10:49:03","date_gmt":"2019-04-28T08:49:03","guid":{"rendered":"https:\/\/uisce-beatha.de\/www1\/?page_id=1176"},"modified":"2020-05-07T22:53:04","modified_gmt":"2020-05-07T20:53:04","slug":"club-edition-2019-4","status":"publish","type":"page","link":"https:\/\/uisce-beatha.de\/www1\/club-edition-2019-4\/","title":{"rendered":"Club Edition 2019"},"content":{"rendered":"\n<figure class=\"wp-block-image\"><img loading=\"lazy\" decoding=\"async\" width=\"693\" height=\"954\" src=\"https:\/\/uisce-beatha.de\/www1\/wp-content\/uploads\/2019\/04\/Club-Edition-2019.jpg\" alt=\"\" class=\"wp-image-1171\" srcset=\"https:\/\/uisce-beatha.de\/www1\/wp-content\/uploads\/2019\/04\/Club-Edition-2019.jpg 693w, https:\/\/uisce-beatha.de\/www1\/wp-content\/uploads\/2019\/04\/Club-Edition-2019-436x600.jpg 436w\" sizes=\"auto, (max-width: 693px) 100vw, 693px\" \/><\/figure>\n\n\n\n<p>Hier ist sie, unsere neue Club Edition 2019!<\/p>\n\n\n\n<p>Ein hervorragender BEN NEVIS, von dem wir \u00fcber gute Freunde und viele gl\u00fcckliche Umst\u00e4nde einen Fassanteil ergattern konnten.<\/p>\n\n\n\n<p>Hier die \u00c4ltere Schwester der beiden F\u00e4sser&#8230;<\/p>\n\n\n\n<p><\/p>\n\n\n\n<p><\/p>\n\n\n\n<p><\/p>\n\n\n\n<p><\/p>\n\n\n\n<p><\/p>\n","protected":false},"excerpt":{"rendered":"<p>Hier ist sie, unsere neue Club Edition 2019! Ein hervorragender BEN NEVIS, von dem wir \u00fcber gute Freunde und viele gl\u00fcckliche Umst\u00e4nde einen Fassanteil ergattern konnten. Hier die \u00c4ltere Schwester der beiden F\u00e4sser&#8230;<\/p>\n <a class=\"more-link\" href=\"https:\/\/uisce-beatha.de\/www1\/club-edition-2019-4\/\"><span class=\"more-msg\">Continue reading &rarr;<\/span><\/a>","protected":false},"author":2,"featured_media":0,"parent":0,"menu_order":0,"comment_status":"closed","ping_status":"closed","template":"","meta":{"footnotes":""},"class_list":["post-1176","page","type-page","status-publish","hentry"],"_links":{"self":[{"href":"https:\/\/uisce-beatha.de\/www1\/wp-json\/wp\/v2\/pages\/1176","targetHints":{"allow":["GET"]}}],"collection":[{"href":"https:\/\/uisce-beatha.de\/www1\/wp-json\/wp\/v2\/pages"}],"about":[{"href":"https:\/\/uisce-beatha.de\/www1\/wp-json\/wp\/v2\/types\/page"}],"author":[{"embeddable":true,"href":"https:\/\/uisce-beatha.de\/www1\/wp-json\/wp\/v2\/users\/2"}],"replies":[{"embeddable":true,"href":"https:\/\/uisce-beatha.de\/www1\/wp-json\/wp\/v2\/comments?post=1176"}],"version-history":[{"count":3,"href":"https:\/\/uisce-beatha.de\/www1\/wp-json\/wp\/v2\/pages\/1176\/revisions"}],"predecessor-version":[{"id":1235,"href":"https:\/\/uisce-beatha.de\/www1\/wp-json\/wp\/v2\/pages\/1176\/revisions\/1235"}],"wp:attachment":[{"href":"https:\/\/uisce-beatha.de\/www1\/wp-json\/wp\/v2\/media?parent=1176"}],"curies":[{"name":"wp","href":"https:\/\/api.w.org\/{rel}","templated":true}]}}