{"id":1289,"date":"2020-05-23T23:05:01","date_gmt":"2020-05-23T21:05:01","guid":{"rendered":"https:\/\/uisce-beatha.de\/www1\/?page_id=1289"},"modified":"2020-05-23T23:05:01","modified_gmt":"2020-05-23T21:05:01","slug":"2020-online-schnullis-whisky-tasting","status":"publish","type":"page","link":"https:\/\/uisce-beatha.de\/www1\/2020-online-schnullis-whisky-tasting\/","title":{"rendered":"2020 Online &#8211; Schnullis Whisky Tasting"},"content":{"rendered":"\n<p>per WhatsApp<\/p>\n\n\n\n<div class=\"wp-block-group\"><div class=\"wp-block-group__inner-container is-layout-flow wp-block-group-is-layout-flow\">\n<p>24 mutige Whiskyfreunde folgten dem Aufruf zu diesem wohl in dieser Art einmaligen Online-Tasting.<\/p>\n\n\n\n<p>Ausgelost in sechs Team galt es, \u00e4hnlich dem Whisky Cup, mit viel Spa\u00df, K\u00f6nnen, Unwissenheit und Gl\u00fcck<\/p>\n\n\n\n<p>vier Samples zu erkennen.<\/p>\n<\/div><\/div>\n\n\n\n<p><\/p>\n","protected":false},"excerpt":{"rendered":"<p>per WhatsApp 24 mutige Whiskyfreunde folgten dem Aufruf zu diesem wohl in dieser Art einmaligen Online-Tasting. Ausgelost in sechs Team galt es, \u00e4hnlich dem Whisky Cup, mit viel Spa\u00df, K\u00f6nnen, Unwissenheit und Gl\u00fcck vier Samples zu erkennen.<\/p>\n <a class=\"more-link\" href=\"https:\/\/uisce-beatha.de\/www1\/2020-online-schnullis-whisky-tasting\/\"><span class=\"more-msg\">Continue reading &rarr;<\/span><\/a>","protected":false},"author":2,"featured_media":0,"parent":0,"menu_order":0,"comment_status":"closed","ping_status":"closed","template":"","meta":{"footnotes":""},"class_list":["post-1289","page","type-page","status-publish","hentry"],"_links":{"self":[{"href":"https:\/\/uisce-beatha.de\/www1\/wp-json\/wp\/v2\/pages\/1289","targetHints":{"allow":["GET"]}}],"collection":[{"href":"https:\/\/uisce-beatha.de\/www1\/wp-json\/wp\/v2\/pages"}],"about":[{"href":"https:\/\/uisce-beatha.de\/www1\/wp-json\/wp\/v2\/types\/page"}],"author":[{"embeddable":true,"href":"https:\/\/uisce-beatha.de\/www1\/wp-json\/wp\/v2\/users\/2"}],"replies":[{"embeddable":true,"href":"https:\/\/uisce-beatha.de\/www1\/wp-json\/wp\/v2\/comments?post=1289"}],"version-history":[{"count":1,"href":"https:\/\/uisce-beatha.de\/www1\/wp-json\/wp\/v2\/pages\/1289\/revisions"}],"predecessor-version":[{"id":1290,"href":"https:\/\/uisce-beatha.de\/www1\/wp-json\/wp\/v2\/pages\/1289\/revisions\/1290"}],"wp:attachment":[{"href":"https:\/\/uisce-beatha.de\/www1\/wp-json\/wp\/v2\/media?parent=1289"}],"curies":[{"name":"wp","href":"https:\/\/api.w.org\/{rel}","templated":true}]}}