{"id":152,"date":"2013-11-10T09:55:39","date_gmt":"2013-11-10T08:55:39","guid":{"rendered":"http:\/\/uisce-beatha.de\/www1\/?page_id=152"},"modified":"2018-11-04T22:52:31","modified_gmt":"2018-11-04T21:52:31","slug":"clubgeschichte","status":"publish","type":"page","link":"https:\/\/uisce-beatha.de\/www1\/uisce-beatha-club\/clubgeschichte\/","title":{"rendered":"Club &#8211; Geschichte"},"content":{"rendered":"<ol start=\"9\">\n<li>M\u00e4rz 2007 Gr\u00fcndung in M\u00fcnchen<\/li>\n<\/ol>\n<p><img loading=\"lazy\" decoding=\"async\" class=\"alignnone size-large wp-image-401\" src=\"http:\/\/uisce-beatha.de\/www1\/wp-content\/uploads\/2013\/11\/Protokoll-Konstituierende-Sitzung-1024x915.jpg\" alt=\"\" width=\"1024\" height=\"915\" srcset=\"https:\/\/uisce-beatha.de\/www1\/wp-content\/uploads\/2013\/11\/Protokoll-Konstituierende-Sitzung-1024x915.jpg 1024w, https:\/\/uisce-beatha.de\/www1\/wp-content\/uploads\/2013\/11\/Protokoll-Konstituierende-Sitzung-600x536.jpg 600w, https:\/\/uisce-beatha.de\/www1\/wp-content\/uploads\/2013\/11\/Protokoll-Konstituierende-Sitzung-335x300.jpg 335w, https:\/\/uisce-beatha.de\/www1\/wp-content\/uploads\/2013\/11\/Protokoll-Konstituierende-Sitzung.jpg 1600w\" sizes=\"auto, (max-width: 1024px) 100vw, 1024px\" \/><\/p>\n<p>Gr\u00fcndung des Clubs nach einer der ersten gro\u00dfen Whiskyveranstaltungen in unserer Region<\/p>\n<p><strong>2008<\/strong>\u00a0\u00a0\u00a0\u00a0\u00a0\u00a0\u00a0\u00a0\u00a0\u00a0\u00a0\u00a0\u00a0 Neuwahl der Vorstandschaft<\/p>\n<p><strong>2009\u00a0<\/strong>\u00a0\u00a0\u00a0\u00a0\u00a0\u00a0\u00a0\u00a0\u00a0\u00a0\u00a0\u00a0 Eintragung in das Vereinsregister <a href=\"http:\/\/uisce-beatha.de\/www1\/clublogo\/\">Unser Logo \u2013 Wort und Bildmarke<\/a><\/p>\n<p><strong>2011<\/strong>\u00a0\u00a0\u00a0\u00a0\u00a0\u00a0\u00a0\u00a0\u00a0\u00a0\u00a0 1. Teilnahme am Whisky-Cup des Cutty-Sark-Scots-Whisky-Forums 6. Platz<\/p>\n<p><strong>2012<\/strong>\u00a0\u00a0\u00a0\u00a0\u00a0\u00a0\u00a0\u00a0\u00a0\u00a0\u00a0 1. Abf\u00fcllung: <a href=\"http:\/\/uisce-beatha.de\/www1\/uisce-beatha-club\/clubedition\/clubedition-2012\/\">Club Editon 2012 &#8211; Aberlour 17 yo<\/a>.<\/p>\n<p style=\"padding-left: 90px;\">2. Teilnahme am Whisky-Cup des Cutty-Sark-Scots-Whisky-Forums 16. Platz<\/p>\n<p><strong>2013<\/strong> \u00a0\u00a0\u00a0\u00a0\u00a0\u00a0\u00a0\u00a0\u00a0\u00a0 2. Abf\u00fcllung: <a href=\"http:\/\/uisce-beatha.de\/www1\/uisce-beatha-club\/clubedition\/club-edition-2013\/\">Club Edition 2013 &#8211; The Benriach 13 yo<\/a>.<\/p>\n<p style=\"padding-left: 90px;\">3. Teilnahme am Whisky-Cup des Cutty-Sark-Scots-Whisky-Forums: <strong><a href=\"http:\/\/uisce-beatha.de\/www1\/aktivitaten\/whiskycup-2013-gewinner\/\">1. Platz<\/a><\/strong><\/p>\n<p><strong>2014<\/strong> \u00a0\u00a0\u00a0\u00a0\u00a0\u00a0\u00a0\u00a0\u00a0\u00a0 3.\u00a0Abf\u00fcllung:\u00a0<a href=\"http:\/\/uisce-beatha.de\/www1\/uisce-beatha-club\/clubedition\/club-edition-2014\/\">Club Edition 2014 &#8211; The Dalmore\u00a013 <\/a><\/p>\n<p style=\"padding-left: 90px;\">Ausrichter des Whisky-Cup des Cutty-Sark-Scots-Whisky-Forums<\/p>\n<p><strong>2015<\/strong> \u00a0\u00a0\u00a0\u00a0\u00a0\u00a0\u00a0\u00a0\u00a0\u00a0 4. Abf\u00fcllung: <a href=\"http:\/\/uisce-beatha.de\/www1\/club-edition-2015\/\">Club Edition 2015 \u2013 Braes of Glenlivet 19yo.<\/a><\/p>\n<p style=\"padding-left: 90px;\">4. Teilnahme am Whisky-Cup des Cutty-Sark-Scots-Whisky-Forums 22 .Platz<\/p>\n<p><strong>2016 \u00a0\u00a0\u00a0\u00a0\u00a0\u00a0\u00a0\u00a0\u00a0\u00a0 <\/strong>5. Abf\u00fcllung: <a href=\"http:\/\/uisce-beatha.de\/www1\/club-edition-2016\/\">Club Edition 2016 \u2013 Longmorn 23yo.<\/a><\/p>\n<p style=\"padding-left: 90px;\">5. Teilnahme am Whisky-Cup des Cutty-Sark-Scots-Whisky-Forums <a href=\"https:\/\/uisce-beatha.de\/www1\/whisky-cup-2016\/\" target=\"_blank\" rel=\"noopener\"><strong>2 .Platz<\/strong><\/a><\/p>\n<p style=\"padding-left: 90px;\">6. Abf\u00fcllung:Special Edition: <a href=\"http:\/\/uisce-beatha.de\/www1\/special-edition\/\">Miltonduff 21yo.<\/a><\/p>\n<p><strong>2017<\/strong>\u00a0\u00a0\u00a0\u00a0\u00a0\u00a0\u00a0\u00a0\u00a0\u00a0\u00a0 7. Abf\u00fcllung: Club Edition 2017 &#8211; <a href=\"https:\/\/uisce-beatha.de\/www1\/uisce-beatha-club\/clubedition\/club-edition-2017\/\" target=\"_blank\" rel=\"noopener\">Caol Ila 12yo.<\/a><\/p>\n<p style=\"padding-left: 90px;\">8. Abf\u00fcllung: Special Edition: <a href=\"https:\/\/uisce-beatha.de\/www1\/special-edition-2017\/\" target=\"_blank\" rel=\"noopener\">Irish Diamond 12yo<\/a>.<\/p>\n<p style=\"padding-left: 90px;\">6. Teilnahme am Whisky-Cup des Cutty-Sark-Scots-Whisky-Forums 20, Platz<\/p>\n<p><strong>Jubil\u00e4um 10 Jahre Uisce Beatha Whisky Club<\/strong><\/p>\n<p><strong>2018<\/strong>\u00a0\u00a0\u00a0\u00a0\u00a0\u00a0\u00a0\u00a0\u00a0\u00a0\u00a0 9. Abf\u00fcllung: <a href=\"https:\/\/uisce-beatha.de\/www1\/uisce-beatha-club\/clubedition\/club-edition-2018\/\" target=\"_blank\" rel=\"noopener\">Wardhead 20yo<\/a><\/p>\n<p style=\"padding-left: 90px;\">7. Teilnahme am Whisky-Cup des Cutty-Sark-Scots-Whisky-Forums <strong><a href=\"https:\/\/uisce-beatha.de\/www1\/whisky-cup-2018\/\">1. Platz<\/a><\/strong><\/p>\n","protected":false},"excerpt":{"rendered":"<p>M\u00e4rz 2007 Gr\u00fcndung in M\u00fcnchen Gr\u00fcndung des Clubs nach einer der ersten gro\u00dfen Whiskyveranstaltungen in unserer Region 2008\u00a0\u00a0\u00a0\u00a0\u00a0\u00a0\u00a0\u00a0\u00a0\u00a0\u00a0\u00a0\u00a0 Neuwahl der Vorstandschaft 2009\u00a0\u00a0\u00a0\u00a0\u00a0\u00a0\u00a0\u00a0\u00a0\u00a0\u00a0\u00a0\u00a0 Eintragung in das Vereinsregister Unser Logo \u2013 Wort und Bildmarke 2011\u00a0\u00a0\u00a0\u00a0\u00a0\u00a0\u00a0\u00a0\u00a0\u00a0\u00a0 1. Teilnahme am Whisky-Cup des Cutty-Sark-Scots-Whisky-Forums 6. <span class=\"excerpt-dots\">&hellip;<\/span> <a class=\"more-link\" href=\"https:\/\/uisce-beatha.de\/www1\/uisce-beatha-club\/clubgeschichte\/\"><span class=\"more-msg\">Continue reading &rarr;<\/span><\/a><\/p>\n","protected":false},"author":1,"featured_media":0,"parent":9,"menu_order":0,"comment_status":"closed","ping_status":"open","template":"","meta":{"footnotes":""},"class_list":["post-152","page","type-page","status-publish","hentry"],"_links":{"self":[{"href":"https:\/\/uisce-beatha.de\/www1\/wp-json\/wp\/v2\/pages\/152","targetHints":{"allow":["GET"]}}],"collection":[{"href":"https:\/\/uisce-beatha.de\/www1\/wp-json\/wp\/v2\/pages"}],"about":[{"href":"https:\/\/uisce-beatha.de\/www1\/wp-json\/wp\/v2\/types\/page"}],"author":[{"embeddable":true,"href":"https:\/\/uisce-beatha.de\/www1\/wp-json\/wp\/v2\/users\/1"}],"replies":[{"embeddable":true,"href":"https:\/\/uisce-beatha.de\/www1\/wp-json\/wp\/v2\/comments?post=152"}],"version-history":[{"count":28,"href":"https:\/\/uisce-beatha.de\/www1\/wp-json\/wp\/v2\/pages\/152\/revisions"}],"predecessor-version":[{"id":1157,"href":"https:\/\/uisce-beatha.de\/www1\/wp-json\/wp\/v2\/pages\/152\/revisions\/1157"}],"up":[{"embeddable":true,"href":"https:\/\/uisce-beatha.de\/www1\/wp-json\/wp\/v2\/pages\/9"}],"wp:attachment":[{"href":"https:\/\/uisce-beatha.de\/www1\/wp-json\/wp\/v2\/media?parent=152"}],"curies":[{"name":"wp","href":"https:\/\/api.w.org\/{rel}","templated":true}]}}