{"id":154,"date":"2013-11-10T09:56:15","date_gmt":"2013-11-10T08:56:15","guid":{"rendered":"http:\/\/uisce-beatha.de\/www1\/?page_id=154"},"modified":"2013-11-21T23:56:30","modified_gmt":"2013-11-21T22:56:30","slug":"satzung-uisce-beatha-whisky-club-e-v","status":"publish","type":"page","link":"https:\/\/uisce-beatha.de\/www1\/uisce-beatha-club\/satzung-uisce-beatha-whisky-club-e-v\/","title":{"rendered":"Club &#8211; Satzung"},"content":{"rendered":"<p align=\"JUSTIFY\"><span style=\"font-size: 14px;\">Satzung Whisky Club Uisce Beatha e. V.<\/span><\/p>\n<p align=\"JUSTIFY\"><span style=\"font-family: 'Book Antiqua', serif;\">Die Bezeichnung Mitglied, Ehrenmitglied, Vorsitzender, Schatzmeister und Schriftf\u00fchrer stehen im Folgenden sowohl f\u00fcr weibliche wie f\u00fcr m\u00e4nnliche Personen. Die Bezeichnung Club gilt als gleichbedeutend f\u00fcr Verein.<\/span><\/p>\n<p align=\"JUSTIFY\"><span style=\"font-family: 'Book Antiqua', serif;\"><b>\u00a71 Name des Vereins<\/b><\/span><\/p>\n<p align=\"JUSTIFY\"><span style=\"font-family: 'Book Antiqua', serif;\">1.1 Der Name des Vereins lautet \u201eUisce Beatha Whisky Club e. V.\u201c. <\/span><\/p>\n<p align=\"JUSTIFY\"><span style=\"font-family: 'Book Antiqua', serif;\"><span>(Das Wort Whisky leitet sich von \u201eUisce Beatha\u201c ab, gesprochen: <\/span><\/span><span style=\"font-family: 'Book Antiqua', serif;\"><span><i>ischke baha<\/i><\/span><\/span><span style=\"font-family: 'Book Antiqua', serif;\"><span> oder <\/span><\/span><span style=\"font-family: 'Book Antiqua', serif;\"><span><i>ischke ba<\/i><\/span><\/span><span style=\"font-family: 'Book Antiqua', serif;\"><span>, auf Deutsch bedeutet es \u201eLebenswasser\u201c oder \u201eWasser des Lebens\u201c.)<\/span><\/span><\/p>\n<p align=\"JUSTIFY\"><span style=\"font-family: 'Book Antiqua', serif;\">1.2 Der Verein pr\u00e4sentiert sich nach au\u00dfen durch das oben abgebildete Logo. Nur Vereinsmitglieder sind berechtigt das Logo als sichtbares Zeichen der Clubzugeh\u00f6rigkeit zu tragen, sich damit auszuweisen und zu verwenden.<\/span><\/p>\n<p align=\"JUSTIFY\"><span style=\"font-family: 'Book Antiqua', serif;\"><b>\u00a72 Sitz des Vereins<\/b><\/span><\/p>\n<p align=\"JUSTIFY\"><span style=\"font-family: 'Book Antiqua', serif;\">Der Verein ist in der Gemeinde 86929 Penzing, Ortsteil Unterm\u00fchlhausen ans\u00e4ssig.<\/span><\/p>\n<p align=\"JUSTIFY\"><span style=\"font-family: 'Book Antiqua', serif;\"><b>\u00a73 Ziele des Vereins<\/b><\/span><\/p>\n<p align=\"JUSTIFY\"><span style=\"font-family: 'Book Antiqua', serif;\">3.1 Die St\u00e4rkung der freundschaftlichen Verbindung unter Mitgliedern des Clubs \u201eUisce Beatha Whisky Club e. V.\u201c und unter Whisk(e)y-Clubmitgliedern insgesamt.<\/span><\/p>\n<p align=\"JUSTIFY\"><span style=\"font-family: 'Book Antiqua', serif;\">3.2 Bildung \u2013 das Studium geschichtlicher und anderer Belange mit besonderem Bezug auf Schottland, Irland und Bayern\u00a0f\u00fcr die Clubmitglieder zu f\u00f6rdern.<\/span><\/p>\n<p align=\"JUSTIFY\"><span style=\"font-family: 'Book Antiqua', serif;\">3.3 Das Ergreifen von Ma\u00dfnahmen, um die Tradition, die Interessen und kulturelle Belange des Clubs \u201eUisce Beatha\u201c zu f\u00f6rdern.<\/span><\/p>\n<p align=\"JUSTIFY\"><span style=\"font-family: 'Book Antiqua', serif;\"><b>\u00a74 Voraussetzungen f\u00fcr die Mitgliedschaft<\/b><\/span><\/p>\n<p align=\"JUSTIFY\"><span style=\"font-family: 'Book Antiqua', serif;\">4.1 Jeder, die an der Gr\u00fcndungsversammlung zu gegen war und die Mitgliederliste unterschrieben hat.<\/span><\/p>\n<p align=\"JUSTIFY\"><span style=\"font-family: 'Book Antiqua', serif;\">4.2 Jene, die auf Antrag mit einer 2\/3-Mehrheit der Mitgliederversammlung aufgenommen werden.<\/span><\/p>\n<p align=\"JUSTIFY\"><span style=\"font-family: 'Book Antiqua', serif;\">4.3 Ehrenmitglieder \u2013 s. Paragraph 6.<\/span><\/p>\n<p align=\"JUSTIFY\"><span style=\"font-family: 'Book Antiqua', serif;\">4.4 Mit dem Uisce Beatha e.V. Verbundene \u2013 s. Paragraph 7.<\/span><\/p>\n<p align=\"JUSTIFY\"><span style=\"font-family: 'Book Antiqua', serif;\">4.5 Entrichten des Mitgliedsbeitrags bis sp\u00e4testens zum 31.1. des laufenden Jahres.<\/span><\/p>\n<p align=\"JUSTIFY\"><span style=\"font-family: 'Book Antiqua', serif;\"><b>\u00a75 Mitgliedschaften<\/b><\/span><\/p>\n<p align=\"JUSTIFY\"><span style=\"font-family: 'Book Antiqua', serif;\">5.1 Die stimmberechtigten Mitglieder setzen sich zusammen aus Einfachen Mitgliedern und Ehrenmitgliedern. <\/span><\/p>\n<p align=\"JUSTIFY\"><span style=\"font-family: 'Book Antiqua', serif;\">5.2 Einfache Mitglieder sind solche qualifizierte Personen, die ihre j\u00e4hrlichen Mitgliedsbeitr\u00e4ge entrichten, dessen H\u00f6he von der Mitgliederversammlung festgesetzt wird und sich f\u00fcr die Ziele des Clubs nach Paragraph 3 einsetzen.<\/span><\/p>\n<p align=\"JUSTIFY\"><span style=\"font-family: 'Book Antiqua', serif;\">5.3 Die Mitgliedschaft besteht solange, bis ein Mitglied seinen Austritt erkl\u00e4rt oder eine Zweidrittelmehrheit des Vorstandes ihn von der Mitgliederliste streicht. <\/span><\/p>\n<p align=\"JUSTIFY\"><span style=\"font-family: 'Book Antiqua', serif;\">5.4 Die Mitgliedschaft erlischt automatisch falls der Mitgliedsbeitrag f\u00fcr zwei Jahren nicht entrichtet wurde.<\/span><\/p>\n<p align=\"JUSTIFY\"><span style=\"font-family: 'Book Antiqua', serif;\"><b>\u00a76 Ehrenmitglieder<\/b><\/span><\/p>\n<p align=\"JUSTIFY\"><span style=\"font-family: 'Book Antiqua', serif;\">Der Vorstand kann diejenigen in der Mitgliederversammlung f\u00fcr eine Ehrenmitgliedschaft vorschlagen, die in dessen Ermessen Besonderes f\u00fcr die Gesellschaft oder den Club geleistet haben. Ehrenmitglieder werden mit einer Zweidrittelmehrheit der Mitgliederversammlung gew\u00e4hlt. Die Entrichtung von Mitgliedsbeitr\u00e4gen wird von Ehrenmitgliedern nicht erwartet.<\/span><\/p>\n<p align=\"JUSTIFY\"><span style=\"font-family: 'Book Antiqua', serif;\"><b>\u00a77 Mit dem Verein Verbundene<\/b><\/span><\/p>\n<p align=\"JUSTIFY\"><span style=\"font-family: 'Book Antiqua', serif;\">7.1 Personen die sich f\u00fcr die Belange des Clubs \u00a0interessieren, sich f\u00fcr eine Mitgliedschaft jedoch nicht gem\u00e4\u00df Paragraph 4.1 bis 4.3 qualifizieren und aktiv den Zielen der Gesellschaft gem\u00e4\u00df Paragraph 3 dienen. <\/span><\/p>\n<p align=\"JUSTIFY\"><span style=\"font-family: 'Book Antiqua', serif;\">7.2 Diese Personen haben die M\u00f6glichkeit, die j\u00e4hrliche Mitgliederversammlung und andere Veranstaltungen des Clubs zu besuchen.\u00a0<\/span><\/p>\n<p align=\"JUSTIFY\"><span style=\"font-family: 'Book Antiqua', serif;\">7.3 Insbesondere\u00a0Nichtwhisky trinkende Lebenspartner gelten als dem Verein Verbundene, da sie z. B. f\u00fcr Fahrdienste nach den Tastings unerl\u00e4sslich sind.<\/span><\/p>\n<p align=\"JUSTIFY\"><span style=\"font-family: 'Book Antiqua', serif;\"><b>\u00a78 Vorstand<\/b><\/span><\/p>\n<p align=\"JUSTIFY\"><span style=\"font-family: 'Book Antiqua', serif;\">8.1 Alle Mitglieder des Vorstandes sind qualifizierte Mitglieder des Clubs<\/span><\/p>\n<p align=\"JUSTIFY\"><span style=\"font-family: 'Book Antiqua', serif;\">8.2 Der Vorstand besteht aus folgenden Mitgliedern:<\/span><\/p>\n<p align=\"JUSTIFY\"><span style=\"font-family: 'Book Antiqua', serif;\">a. Vorsitzender<\/span><\/p>\n<p align=\"JUSTIFY\"><span style=\"font-family: 'Book Antiqua', serif;\">b. Stellvertretender Vorsitzender <\/span><\/p>\n<p align=\"JUSTIFY\"><span style=\"font-family: 'Book Antiqua', serif;\">c. Schatzmeister<\/span><\/p>\n<p align=\"JUSTIFY\"><span style=\"font-family: 'Book Antiqua', serif;\">d. Schriftf\u00fchrer<\/span><\/p>\n<p align=\"JUSTIFY\"><span style=\"font-family: 'Book Antiqua', serif;\">8.3 Alle Vorstandsmitglieder werden von der Mitgliederversammlung f\u00fcr vier Jahre gew\u00e4hlt.<\/span><\/p>\n<p align=\"JUSTIFY\"><span style=\"font-family: 'Book Antiqua', serif;\"><b>\u00a79 Vorstandssitzungen und Aufgaben des Vorstandes<\/b><\/span><\/p>\n<p align=\"JUSTIFY\"><span style=\"font-family: 'Book Antiqua', serif;\">9.1 Der Vorstand trifft sich mindestens ein mal im Jahr, oder auch \u00f6fter, falls es die Interessen des Clubs erfordern. Die Beschlussf\u00e4higkeit ist ab drei anwesenden Vorst\u00e4nden gegeben. Der Vorsitzende (oder sein Stellvertreter) verf\u00fcgen in Pattsituationen \u00fcber eine zweite Stimme.<\/span><\/p>\n<p align=\"JUSTIFY\"><span style=\"font-family: 'Book Antiqua', serif;\">9.2 Der Vorstand vertritt den Club nach au\u00dfen und ist legitimiert, alle Ma\u00dfnahmen im Interesse des Clubs zu treffen, es sei denn, dass diese Ma\u00dfnahmen nur durch die Mitgliederversammlung beschlossen oder ausgef\u00fchrt werden d\u00fcrfen.<\/span><\/p>\n<p align=\"JUSTIFY\"><span style=\"font-family: 'Book Antiqua', serif;\">9.3 Der Vorstand verf\u00fcgt insbesondere \u00fcber die folgenden Kompetenzen:<\/span><\/p>\n<p align=\"JUSTIFY\"><span style=\"font-family: 'Book Antiqua', serif;\">a. Nachbesetzung von Vorstandspositionen im laufenden Jahr<\/span><\/p>\n<p align=\"JUSTIFY\"><span style=\"font-family: 'Book Antiqua', serif;\">b. Die Einrichtung von Beir\u00e4ten und die Festsetzung derer Aufgaben und Kompetenzen.<\/span><\/p>\n<p align=\"JUSTIFY\"><span style=\"font-family: 'Book Antiqua', serif;\">c. Entscheidungen hinsichtlich der Verwendung von Geldern und anderen Verm\u00f6genswerten des Clubs im Sinne seiner Ziele.<\/span><\/p>\n<p align=\"JUSTIFY\"><span style=\"font-family: 'Book Antiqua', serif;\">9.4. Vorstand im Sinne des \u00a7 26 BGB sind der 1. Vorsitzende und der stellvertretende Vorsitzende. Jeder ist einzeln zur Vertretung berechtigt.<\/span><\/p>\n<p align=\"JUSTIFY\"><span style=\"font-family: 'Book Antiqua', serif;\"><b>\u00a710 Finanzen<\/b><\/span><\/p>\n<p align=\"JUSTIFY\"><span style=\"font-family: 'Book Antiqua', serif;\">10.1 Das Gesch\u00e4ftsjahr entspricht dem Kalenderjahr.<\/span><\/p>\n<p align=\"JUSTIFY\"><span style=\"font-family: 'Book Antiqua', serif;\">10.2 Der Mitgliedsbeitrag wird in der Mitgliederversammlung festgelegt.<\/span><\/p>\n<p align=\"JUSTIFY\"><span style=\"font-family: 'Book Antiqua', serif;\">10.3 Sollte ein Mitglied w\u00e4hrend des laufenden Jahres ausscheiden, besteht kein Anspruch auf anteilige R\u00fcckerstattung.<\/span><\/p>\n<p align=\"JUSTIFY\"><span style=\"font-family: 'Book Antiqua', serif;\">10.4 Die Mittel des Clubs werden auf dem Vereinskonto aufbewahrt oder investiert, wie es die Interessen des Clubs von Fall zu Fall gebieten. \u00a0 \u00a0 <\/span><\/p>\n<p align=\"JUSTIFY\"><span style=\"font-family: 'Book Antiqua', serif;\">10.5 Der Vorstand legt fest, wessen Unterschriften f\u00fcr die Verwaltung, Nutzung und Einsatz des Vereinsverm\u00f6gens ben\u00f6tigt werden. \u00a0 <\/span><\/p>\n<p align=\"JUSTIFY\"><span style=\"font-family: 'Book Antiqua', serif;\">10.6 Der Vorstand ist f\u00fcr eine korrekte Buchhaltung und einen j\u00e4hrlichen Finanzbericht zust\u00e4ndig.<\/span><\/p>\n<p align=\"JUSTIFY\"><span style=\"font-family: 'Book Antiqua', serif;\">10.7 Es werden zwei Rechnungspr\u00fcfer von der Mitgliederversammlung berufen, die nicht dem Vorstand angeh\u00f6ren.<\/span><\/p>\n<p align=\"JUSTIFY\"><span style=\"font-family: 'Book Antiqua', serif;\"><b>\u00a711 Mitgliederversammlungen<\/b><\/span><\/p>\n<p align=\"JUSTIFY\"><span style=\"font-family: 'Book Antiqua', serif;\">11.1 Der Vorstand legt die Termine und Orte der Mitgliederversammlungen, die mindestens einmal in Jahr stattfinden, fest. Die Jahresversammlung findet in der Regel zum Jahresende statt.<\/span><\/p>\n<p align=\"JUSTIFY\"><span style=\"font-family: 'Book Antiqua', serif;\">Die Einladung zur Mitgliederversammlung erfolgt mindestens drei Wochen vor dem Versammlungsdatum schriftlich oder per E-Mail. Eine E-Mail ist ausdr\u00fccklich als Schriftform zul\u00e4ssig.<\/span><\/p>\n<p align=\"JUSTIFY\"><span style=\"font-family: 'Book Antiqua', serif;\">11.2 Die Mitgliederversammlung ist ab sieben stimmberechtigten anwesenden Mitgliedern (nach Paragraph 4.1 bis 4.3) beschlussf\u00e4hig.<\/span><\/p>\n<p align=\"JUSTIFY\"><span style=\"font-family: 'Book Antiqua', serif;\">11.3 Jede Wahl bedarf eines Wahlleiters, der von der Mitgliederversammlung berufen wird.<\/span><\/p>\n<p align=\"JUSTIFY\"><span style=\"font-family: 'Book Antiqua', serif;\">11.4 Nach einer Neuwahl ist der neue Vorstand umgehend in Amt und W\u00fcrden, sobald der Wahlleiter sein Amt als beendet erkl\u00e4rt.<\/span><\/p>\n<p align=\"JUSTIFY\"><span style=\"font-family: 'Book Antiqua', serif;\">11.5 Abstimmungen werden durch eine einfache Mehrheit entschieden. In Pattsituationen steht dem Vorsitzenden eine zweite Stimme zu.<\/span><\/p>\n<p align=\"JUSTIFY\"><span style=\"font-family: 'Book Antiqua', serif;\"><b>\u00a712 Zu den Aufgaben des Vorsitzenden geh\u00f6ren<\/b><\/span><\/p>\n<p align=\"JUSTIFY\"><span style=\"font-family: 'Book Antiqua', serif;\">12.1 Dem Club F\u00fchrung zu verleihen und ihm eine Richtung aufzuzeigen.<\/span><\/p>\n<p align=\"JUSTIFY\"><span style=\"font-family: 'Book Antiqua', serif;\">12.2 Die Wahrnehmung von Aufgaben, die ihm vom Vorstand oder der Mitgliederversammlung \u00fcbertragen werden. <\/span><\/p>\n<p align=\"JUSTIFY\"><span style=\"font-family: 'Book Antiqua', serif;\">12.3 Die Einberufung der Jahresversammlung und der Vorstandssitzungen.<\/span><\/p>\n<p align=\"JUSTIFY\"><span style=\"font-family: 'Book Antiqua', serif;\"><b>\u00a713 Zu den Aufgaben des stellvertretenden Vorsitzenden geh\u00f6ren<\/b><\/span><\/p>\n<p align=\"JUSTIFY\"><span style=\"font-family: 'Book Antiqua', serif;\">13.1 In der Abwesenheit oder Verhinderung des Vorsitzenden in seinem Namen zu handeln und den Vorsitz bei Vorstandssitzungen und Mitgliederversammlungen zu \u00fcbernehmen.<\/span><\/p>\n<p align=\"JUSTIFY\"><span style=\"font-family: 'Book Antiqua', serif;\">13.2 Die Wahrnehmung von Aufgaben, die ihm vom Vorstand oder der Mitgliederversammlung \u00fcbertragen werden.<\/span><\/p>\n<p align=\"JUSTIFY\"><span style=\"font-family: 'Book Antiqua', serif;\"><b>\u00a714 Zu den Aufgaben des Schatzmeisters geh\u00f6ren<\/b><\/span><\/p>\n<p align=\"JUSTIFY\"><span style=\"font-family: 'Book Antiqua', serif;\">14.1 Die Aufgaben werden vom Vorstand von Fall zu Fall festgelegt. <\/span><\/p>\n<p align=\"JUSTIFY\"><span style=\"font-family: 'Book Antiqua', serif;\">14.2 Im Allgemeinen ist das Funktionieren des Clubs sicherzustellen, die Einsammlung der Mitgliedsbeitr\u00e4ge, die Buchhaltung und die Erstellung des Jahresberichtes sowie des j\u00e4hrlichen Finanzberichtes.<\/span><\/p>\n<p align=\"JUSTIFY\"><span style=\"font-family: 'Book Antiqua', serif;\"><b>\u00a715 Zu den Aufgaben des Schriftf\u00fchrers geh\u00f6ren<\/b><\/span><\/p>\n<p align=\"JUSTIFY\"><span style=\"font-family: 'Book Antiqua', serif;\">15.1 Die Aufgaben werden vom Vorstand von Fall zu Fall festgelegt. <\/span><\/p>\n<p align=\"JUSTIFY\"><span style=\"font-family: 'Book Antiqua', serif;\">15.2 Im Allgemeinen ist das Funktionieren des Clubs sicherzustellen, die Feststellung der Anwesenheit bei Sitzungen und die Protokollierung; Haltung des Mitgliederverzeichnisses, Aufbewahrung aller Vereinsdokumente und anderem Vereinseigentum.<\/span><\/p>\n<p align=\"JUSTIFY\"><span style=\"font-family: 'Book Antiqua', serif;\"><b>\u00a716 Pflichten und Rechte der Mitglieder<\/b><\/span><\/p>\n<p align=\"JUSTIFY\"><span style=\"font-family: 'Book Antiqua', serif;\">16.1 Die Mitglieder verpflichten sich zur aktiven F\u00f6rderung des Vereinslebens und dessen Ziele nach Paragraph 3.<\/span><\/p>\n<p align=\"JUSTIFY\"><span style=\"font-family: 'Book Antiqua', serif;\">16.2 Gr\u00fcndungsmitglieder und Ehrenmitglieder sind aufgerufen einen Whisk(e)y ihrer Wahl w\u00e4hrend einer Mitgliederversammlung zu pr\u00e4sentieren.<\/span><\/p>\n<p align=\"JUSTIFY\"><span style=\"font-family: 'Book Antiqua', serif;\">Inhalt der Pr\u00e4sentation sollte neben der M\u00f6glichkeit einer Verkostung (Dram) auch die Herkunft und die Geschichte des gew\u00e4hlten \u201eUisce Beatha\u201c sein. <\/span><\/p>\n<p align=\"JUSTIFY\"><span style=\"font-family: 'Book Antiqua', serif;\">16.3. Neumitglieder sind dazu verpflichtet einen Whisk(e)y ihrer Wahl w\u00e4hrend einer Mitgliederversammlung zu pr\u00e4sentieren. <\/span><\/p>\n<p align=\"JUSTIFY\"><span style=\"font-family: 'Book Antiqua', serif;\">Inhalt der Pr\u00e4sentation sollte neben der M\u00f6glichkeit einer Verkostung (Dram) auch die Herkunft und die Geschichte des gew\u00e4hlten \u201eUisce Beatha\u201c sein. <\/span><\/p>\n<p align=\"JUSTIFY\"><span style=\"font-family: 'Book Antiqua', serif;\">16.4 Ein Mitglied hat das Recht, eine Stimme in der Mitgliederversammlung wahrzunehmen, sich aktiv an der Gestaltung des Vereinslebens zu beteiligen und an clubeigenen Veranstaltungen teilzunehmen.<\/span><\/p>\n<p align=\"JUSTIFY\"><span style=\"font-family: 'Book Antiqua', serif;\"><b>\u00a717 Satzungs\u00e4nderungen<\/b><\/span><\/p>\n<p align=\"JUSTIFY\"><span style=\"font-family: 'Book Antiqua', serif;\">17.1 Eine Satzungs\u00e4nderung kann nur mir einer Zweidrittelmehrheit der Mitgliederversammlung vorgenommen werden. <\/span><\/p>\n<p align=\"JUSTIFY\"><span style=\"font-family: 'Book Antiqua', serif;\">17.2 \u00c4nderungsantr\u00e4ge m\u00fcssen beim 1. Vorsitzenden mindestens vier Wochen vor dem Datum der Mitgliederversammlung eingereicht und der Einladung beigef\u00fcgt werden. <\/span><\/p>\n<p align=\"JUSTIFY\"><span style=\"font-family: 'Book Antiqua', serif;\">Rettenberg im Allg\u00e4u, 04. Dezember 2009<\/span><\/p>\n","protected":false},"excerpt":{"rendered":"<p>Satzung Whisky Club Uisce Beatha e. V. Die Bezeichnung Mitglied, Ehrenmitglied, Vorsitzender, Schatzmeister und Schriftf\u00fchrer stehen im Folgenden sowohl f\u00fcr weibliche wie f\u00fcr m\u00e4nnliche Personen. Die Bezeichnung Club gilt als gleichbedeutend f\u00fcr Verein. \u00a71 Name des Vereins 1.1 Der Name <span class=\"excerpt-dots\">&hellip;<\/span> <a class=\"more-link\" href=\"https:\/\/uisce-beatha.de\/www1\/uisce-beatha-club\/satzung-uisce-beatha-whisky-club-e-v\/\"><span class=\"more-msg\">Continue reading &rarr;<\/span><\/a><\/p>\n","protected":false},"author":1,"featured_media":0,"parent":9,"menu_order":0,"comment_status":"closed","ping_status":"open","template":"","meta":{"footnotes":""},"class_list":["post-154","page","type-page","status-publish","hentry"],"_links":{"self":[{"href":"https:\/\/uisce-beatha.de\/www1\/wp-json\/wp\/v2\/pages\/154","targetHints":{"allow":["GET"]}}],"collection":[{"href":"https:\/\/uisce-beatha.de\/www1\/wp-json\/wp\/v2\/pages"}],"about":[{"href":"https:\/\/uisce-beatha.de\/www1\/wp-json\/wp\/v2\/types\/page"}],"author":[{"embeddable":true,"href":"https:\/\/uisce-beatha.de\/www1\/wp-json\/wp\/v2\/users\/1"}],"replies":[{"embeddable":true,"href":"https:\/\/uisce-beatha.de\/www1\/wp-json\/wp\/v2\/comments?post=154"}],"version-history":[{"count":6,"href":"https:\/\/uisce-beatha.de\/www1\/wp-json\/wp\/v2\/pages\/154\/revisions"}],"predecessor-version":[{"id":505,"href":"https:\/\/uisce-beatha.de\/www1\/wp-json\/wp\/v2\/pages\/154\/revisions\/505"}],"up":[{"embeddable":true,"href":"https:\/\/uisce-beatha.de\/www1\/wp-json\/wp\/v2\/pages\/9"}],"wp:attachment":[{"href":"https:\/\/uisce-beatha.de\/www1\/wp-json\/wp\/v2\/media?parent=154"}],"curies":[{"name":"wp","href":"https:\/\/api.w.org\/{rel}","templated":true}]}}