{"id":274,"date":"2013-11-11T22:14:57","date_gmt":"2013-11-11T21:14:57","guid":{"rendered":"http:\/\/uisce-beatha.de\/www1\/?page_id=274"},"modified":"2017-09-03T22:35:10","modified_gmt":"2017-09-03T20:35:10","slug":"clubedition-2012","status":"publish","type":"page","link":"https:\/\/uisce-beatha.de\/www1\/uisce-beatha-club\/clubedition\/clubedition-2012\/","title":{"rendered":"Club Edition 2012"},"content":{"rendered":"<p align=\"JUSTIFY\"><span style=\"font-family: Book Antiqua,serif;\">\u00a0<\/span><\/p>\n<p align=\"JUSTIFY\"><span style=\"font-family: Book Antiqua,serif;\">Im Fr\u00fchjahr 2012, nach etlichen Jahren Vorlaufzeit war es endlich soweit, wir haben unsere erste eigene Clubabf\u00fcllung.<\/span><\/p>\n<p align=\"JUSTIFY\"><span style=\"font-family: Book Antiqua,serif;\">Die Wurzel dazu finden sich auf der Finest-Spirits 2011 in M\u00fcnchen. Dort pr\u00e4sentierten die Jungs von Single Cask Collection \u2013 der gr\u00f6\u00dfte \u00f6sterreichische Abf\u00fcller von Single Malts &#8211; ihre Produkte. Lag es an der fortgeschrittenen Stunde, oder lag es an dem sehr guten Drams am Messestand, auf jeden Fall fanden einige dieser Abf\u00fcllungen unser Gefallen, so das wir uns die Top 10 mit nach Hause nahmen. Nach mehreren gr\u00fcndlichem Ausleseverfahren viel unsere Entscheidung auf den Aberlour 17 years old.<\/span><\/p>\n<p align=\"JUSTIFY\"><img loading=\"lazy\" decoding=\"async\" class=\"alignnone size-full wp-image-1043\" src=\"http:\/\/uisce-beatha.de\/www1\/wp-content\/uploads\/2013\/11\/Aberlour-2012.jpg\" alt=\"\" width=\"543\" height=\"759\" srcset=\"https:\/\/uisce-beatha.de\/www1\/wp-content\/uploads\/2013\/11\/Aberlour-2012.jpg 543w, https:\/\/uisce-beatha.de\/www1\/wp-content\/uploads\/2013\/11\/Aberlour-2012-429x600.jpg 429w, https:\/\/uisce-beatha.de\/www1\/wp-content\/uploads\/2013\/11\/Aberlour-2012-215x300.jpg 215w\" sizes=\"auto, (max-width: 543px) 100vw, 543px\" \/><\/p>\n<p align=\"JUSTIFY\"><a href=\"http:\/\/uisce-beatha.de\/www1\/wp-content\/uploads\/2013\/11\/clubedition_2012_original.jpg\"><img loading=\"lazy\" decoding=\"async\" class=\" wp-image-276 alignleft\" src=\"http:\/\/uisce-beatha.de\/www1\/wp-content\/uploads\/2013\/11\/clubedition_2012_original-450x600.jpg\" alt=\"clubedition_2012_Aberlour17\" width=\"259\" height=\"342\" \/><\/a><\/p>\n<p><span style=\"font-family: Book Antiqua,serif;\">Nun war es nur noch eine Frage der Abstimmung mit unseren Freunden von Single Cask Collection und der Abnahmemenge, und schon wanderte ein ordentlicher Fassanteil \u00fcber die Grenze nach Bayern.<\/span><\/p>\n<p>&nbsp;<\/p>\n<p>&nbsp;<\/p>\n<p>&nbsp;<\/p>\n<p>&nbsp;<\/p>\n<p>&nbsp;<\/p>\n<p>&nbsp;<\/p>\n<p>&nbsp;<\/p>\n<p>&nbsp;<\/p>\n<p><span style=\"font-family: Book Antiqua,serif;\">Hier ist sie unsere erste Abf\u00fcllung: Clubedition 2012<\/span><\/p>\n<p><a href=\"http:\/\/uisce-beatha.de\/www1\/wp-content\/uploads\/2013\/11\/IMG_1704.jpg\"><img loading=\"lazy\" decoding=\"async\" class=\"alignnone size-medium wp-image-393\" src=\"http:\/\/uisce-beatha.de\/www1\/wp-content\/uploads\/2013\/11\/IMG_1704-274x600.jpg\" alt=\"IMG_1704\" width=\"274\" height=\"600\" srcset=\"https:\/\/uisce-beatha.de\/www1\/wp-content\/uploads\/2013\/11\/IMG_1704-274x600.jpg 274w, https:\/\/uisce-beatha.de\/www1\/wp-content\/uploads\/2013\/11\/IMG_1704-137x300.jpg 137w\" sizes=\"auto, (max-width: 274px) 100vw, 274px\" \/><\/a><\/p>\n<p><span style=\"font-family: Book Antiqua,serif;\">Unser Ziel ist es jetzt, jedes Jahr eine weitere Clubabf\u00fcllung folgen zu lassen.<\/span><\/p>\n","protected":false},"excerpt":{"rendered":"<p>\u00a0 Im Fr\u00fchjahr 2012, nach etlichen Jahren Vorlaufzeit war es endlich soweit, wir haben unsere erste eigene Clubabf\u00fcllung. Die Wurzel dazu finden sich auf der Finest-Spirits 2011 in M\u00fcnchen. Dort pr\u00e4sentierten die Jungs von Single Cask Collection \u2013 der gr\u00f6\u00dfte <span class=\"excerpt-dots\">&hellip;<\/span> <a class=\"more-link\" href=\"https:\/\/uisce-beatha.de\/www1\/uisce-beatha-club\/clubedition\/clubedition-2012\/\"><span class=\"more-msg\">Continue reading &rarr;<\/span><\/a><\/p>\n","protected":false},"author":3,"featured_media":0,"parent":272,"menu_order":0,"comment_status":"closed","ping_status":"open","template":"","meta":{"footnotes":""},"class_list":["post-274","page","type-page","status-publish","hentry"],"_links":{"self":[{"href":"https:\/\/uisce-beatha.de\/www1\/wp-json\/wp\/v2\/pages\/274","targetHints":{"allow":["GET"]}}],"collection":[{"href":"https:\/\/uisce-beatha.de\/www1\/wp-json\/wp\/v2\/pages"}],"about":[{"href":"https:\/\/uisce-beatha.de\/www1\/wp-json\/wp\/v2\/types\/page"}],"author":[{"embeddable":true,"href":"https:\/\/uisce-beatha.de\/www1\/wp-json\/wp\/v2\/users\/3"}],"replies":[{"embeddable":true,"href":"https:\/\/uisce-beatha.de\/www1\/wp-json\/wp\/v2\/comments?post=274"}],"version-history":[{"count":9,"href":"https:\/\/uisce-beatha.de\/www1\/wp-json\/wp\/v2\/pages\/274\/revisions"}],"predecessor-version":[{"id":1044,"href":"https:\/\/uisce-beatha.de\/www1\/wp-json\/wp\/v2\/pages\/274\/revisions\/1044"}],"up":[{"embeddable":true,"href":"https:\/\/uisce-beatha.de\/www1\/wp-json\/wp\/v2\/pages\/272"}],"wp:attachment":[{"href":"https:\/\/uisce-beatha.de\/www1\/wp-json\/wp\/v2\/media?parent=274"}],"curies":[{"name":"wp","href":"https:\/\/api.w.org\/{rel}","templated":true}]}}