{"id":511,"date":"2013-11-22T00:13:24","date_gmt":"2013-11-21T23:13:24","guid":{"rendered":"http:\/\/uisce-beatha.de\/www1\/?page_id=511"},"modified":"2013-11-22T00:13:24","modified_gmt":"2013-11-21T23:13:24","slug":"whisky-kuchen","status":"publish","type":"page","link":"https:\/\/uisce-beatha.de\/www1\/whisky-wissen\/rezepte\/whisky-kuchen\/","title":{"rendered":"Whisky Kuchen"},"content":{"rendered":"<div>\n<div id=\"fcbk_share\">\u00a0Ein leckeres Rezept f\u00fcr jeden Anlass, f\u00fcr alle Back(Trink)w\u00fctigen.<\/div>\n<p>&nbsp;<\/p>\n<p>Zutaten:<br \/>\n1 Tasse Wasser<br \/>\n1 Tasse wei\u00dfen Zucker<br \/>\n1 Tasse braunen Zucker<br \/>\n4 gro\u00dfe Eier<br \/>\n1 Pfund Butter<br \/>\n2 Tassen getrocknete Fr\u00fcchte<br \/>\n1 TL Salz<br \/>\n1 Handvoll N\u00fcsse<br \/>\n1 Zitrone<br \/>\n2 kleine Liter Whisky<\/p>\n<p><strong>Zubereitung:<br \/>\n<\/strong><\/p>\n<p>Kosten Sie zun\u00e4chst den Whisky und \u00fcberpr\u00fcfen so seine Qualit\u00e4t.<\/p>\n<p>Nehmen Sie dann eine gro\u00dfe R\u00fchrsch\u00fcssel.<\/p>\n<p>Probieren Sie nochmals vom Whisky und \u00fcberzeugen sich davon, ob er wirklich von bester Qualit\u00e4t ist. Gie\u00dfen Sie dazu eine Tasse randvoll und trinken diese aus. Wiederholen Sie den Vorgang mehrmals.<\/p>\n<p>Schalten Sie den Mixer an und schlagen in der R\u00fchrsch\u00fcssel die Butter flaumig weich.<\/p>\n<p>F\u00fcgen Sie einen L\u00f6ffel Zucker hinzu.<\/p>\n<p>\u00dcberpr\u00fcfen Sie, ob der Whisky noch in Ordnung ist. Probieren Sie dazu nochmals eine Tasse voll.<\/p>\n<p>Mixen Sie den Schalter aus.<\/p>\n<p>Brechen Sie zwei Eier aus, und zwar in die Sch\u00fcssel. Hauen Sie die schrumpeligen Fr\u00fcchte mit rein.<\/p>\n<p>Malte Sie den Schixer an. Wenn das bl\u00f6de Obst im Trixer stecken bleibt, l\u00f6sen Sie das mit Traubenschier.<\/p>\n<p>\u00dcberpr\u00fcfen Sie den Whisky auf seine Konsistenzzzzzzzzzzzz\u2026\u2026.<\/p>\n<p>Jetzt schmei\u00dfen Sie die Zitrone in den Hixer und dr\u00fccken Ihre N\u00fcsse aus. F\u00fcgen Sie eine Tasse dazu. Zucker, alles, was auch immer.<\/p>\n<p>Fetten Sie den Ofen ein, drehen ihn um 360 Grad.<\/p>\n<p>Schlagen Sie den Mixer, bis er ausgeht. Werfen Sie die R\u00fchrsch\u00fcssel aus dem Fenster.<\/p>\n<p>\u00dcberpr\u00fcfen Sie den Geschmack des restlichen Whiskys. Danach gehen Sie ins Bett und pfeifen auf den Kuchen. Die Schuhe k\u00f6nnen Sie ruhig anlassen.<\/p>\n<\/div>\n","protected":false},"excerpt":{"rendered":"<p>\u00a0Ein leckeres Rezept f\u00fcr jeden Anlass, f\u00fcr alle Back(Trink)w\u00fctigen. &nbsp; Zutaten: 1 Tasse Wasser 1 Tasse wei\u00dfen Zucker 1 Tasse braunen Zucker 4 gro\u00dfe Eier 1 Pfund Butter 2 Tassen getrocknete Fr\u00fcchte 1 TL Salz 1 Handvoll N\u00fcsse 1 Zitrone <span class=\"excerpt-dots\">&hellip;<\/span> <a class=\"more-link\" href=\"https:\/\/uisce-beatha.de\/www1\/whisky-wissen\/rezepte\/whisky-kuchen\/\"><span class=\"more-msg\">Continue reading &rarr;<\/span><\/a><\/p>\n","protected":false},"author":2,"featured_media":0,"parent":264,"menu_order":0,"comment_status":"closed","ping_status":"open","template":"","meta":{"footnotes":""},"class_list":["post-511","page","type-page","status-publish","hentry"],"_links":{"self":[{"href":"https:\/\/uisce-beatha.de\/www1\/wp-json\/wp\/v2\/pages\/511","targetHints":{"allow":["GET"]}}],"collection":[{"href":"https:\/\/uisce-beatha.de\/www1\/wp-json\/wp\/v2\/pages"}],"about":[{"href":"https:\/\/uisce-beatha.de\/www1\/wp-json\/wp\/v2\/types\/page"}],"author":[{"embeddable":true,"href":"https:\/\/uisce-beatha.de\/www1\/wp-json\/wp\/v2\/users\/2"}],"replies":[{"embeddable":true,"href":"https:\/\/uisce-beatha.de\/www1\/wp-json\/wp\/v2\/comments?post=511"}],"version-history":[{"count":1,"href":"https:\/\/uisce-beatha.de\/www1\/wp-json\/wp\/v2\/pages\/511\/revisions"}],"predecessor-version":[{"id":512,"href":"https:\/\/uisce-beatha.de\/www1\/wp-json\/wp\/v2\/pages\/511\/revisions\/512"}],"up":[{"embeddable":true,"href":"https:\/\/uisce-beatha.de\/www1\/wp-json\/wp\/v2\/pages\/264"}],"wp:attachment":[{"href":"https:\/\/uisce-beatha.de\/www1\/wp-json\/wp\/v2\/media?parent=511"}],"curies":[{"name":"wp","href":"https:\/\/api.w.org\/{rel}","templated":true}]}}