{"id":642,"date":"2013-12-11T12:26:17","date_gmt":"2013-12-11T11:26:17","guid":{"rendered":"http:\/\/uisce-beatha.de\/www1\/?page_id=642"},"modified":"2013-12-11T12:26:17","modified_gmt":"2013-12-11T11:26:17","slug":"whisky-pralinen","status":"publish","type":"page","link":"https:\/\/uisce-beatha.de\/www1\/whisky-wissen\/rezepte\/whisky-pralinen\/","title":{"rendered":"Whisky Pralinen"},"content":{"rendered":"<p>Zutaten:<\/p>\n<ul>\n<li>100g L\u00f6ffelbiskuits<\/li>\n<li>150ml Whisky<\/li>\n<li>150g dunkle Kuvert\u00fcre<\/li>\n<li>30g Kakaopulver<\/li>\n<\/ul>\n<p>L\u00f6ffelbiskuits grob zerkleinern, dann zusammen mit dem Whisky vermischen ca 20 Minuten durchziehen lassen.<br \/>\nDie Kuvert\u00fcre zerkleinern und im Wasserbad schmelzen und die fl\u00fcssige Kuvert\u00fcre unter die Masse ziehen.<\/p>\n<p>Die Masse dann auf ein mit Backpapier ausgelegten Blech glattstreichen, am besten rechteckig und ca. 5mm dick.<br \/>\nMit der h\u00e4lfte des Kakaos bestreuen und ca 30 Minuten kaltstellen. Danach mit Backpapier belegen und wenden und mit dem Rest des Kakaos besteuben.<\/p>\n<p>Jetz kann man die Pralinen ausstechen oder in beliebiger Form mit einem Messer ausschneiden. z.b quadratisch 2&#215;2 cm. Eine weitere Stunde kalt stellen und dann in einer Dose verpacken und f\u00fcr sp\u00e4teren Verzehr k\u00fchl aufbewahren.<\/p>\n","protected":false},"excerpt":{"rendered":"<p>Zutaten: 100g L\u00f6ffelbiskuits 150ml Whisky 150g dunkle Kuvert\u00fcre 30g Kakaopulver L\u00f6ffelbiskuits grob zerkleinern, dann zusammen mit dem Whisky vermischen ca 20 Minuten durchziehen lassen. Die Kuvert\u00fcre zerkleinern und im Wasserbad schmelzen und die fl\u00fcssige Kuvert\u00fcre unter die Masse ziehen. Die <span class=\"excerpt-dots\">&hellip;<\/span> <a class=\"more-link\" href=\"https:\/\/uisce-beatha.de\/www1\/whisky-wissen\/rezepte\/whisky-pralinen\/\"><span class=\"more-msg\">Continue reading &rarr;<\/span><\/a><\/p>\n","protected":false},"author":3,"featured_media":0,"parent":264,"menu_order":0,"comment_status":"closed","ping_status":"open","template":"","meta":{"footnotes":""},"class_list":["post-642","page","type-page","status-publish","hentry"],"_links":{"self":[{"href":"https:\/\/uisce-beatha.de\/www1\/wp-json\/wp\/v2\/pages\/642","targetHints":{"allow":["GET"]}}],"collection":[{"href":"https:\/\/uisce-beatha.de\/www1\/wp-json\/wp\/v2\/pages"}],"about":[{"href":"https:\/\/uisce-beatha.de\/www1\/wp-json\/wp\/v2\/types\/page"}],"author":[{"embeddable":true,"href":"https:\/\/uisce-beatha.de\/www1\/wp-json\/wp\/v2\/users\/3"}],"replies":[{"embeddable":true,"href":"https:\/\/uisce-beatha.de\/www1\/wp-json\/wp\/v2\/comments?post=642"}],"version-history":[{"count":1,"href":"https:\/\/uisce-beatha.de\/www1\/wp-json\/wp\/v2\/pages\/642\/revisions"}],"predecessor-version":[{"id":643,"href":"https:\/\/uisce-beatha.de\/www1\/wp-json\/wp\/v2\/pages\/642\/revisions\/643"}],"up":[{"embeddable":true,"href":"https:\/\/uisce-beatha.de\/www1\/wp-json\/wp\/v2\/pages\/264"}],"wp:attachment":[{"href":"https:\/\/uisce-beatha.de\/www1\/wp-json\/wp\/v2\/media?parent=642"}],"curies":[{"name":"wp","href":"https:\/\/api.w.org\/{rel}","templated":true}]}}